{"id":646,"date":"2017-11-24T12:01:10","date_gmt":"2017-11-24T12:01:10","guid":{"rendered":"https:\/\/demos.codexcoder.com\/big-event\/?page_id=646"},"modified":"2025-04-16T08:37:16","modified_gmt":"2025-04-16T07:37:16","slug":"home-music-festival","status":"publish","type":"page","link":"https:\/\/still-got-the-blues-aub.de\/?page_id=646","title":{"rendered":"Home Still Got The Blues"},"content":{"rendered":"<div class=\"wpb-content-wrapper\"><p>[vc_row][vc_column][vc_column_text css=&#8220;&#8220;]&nbsp;<\/p>\n<p style=\"text-align: center;\">Jelly Blue sind f\u00fcnf Musiker mit jahrzehntelanger B\u00fchnenerfahrung. Ihre Begeisterung f\u00fcr Blues, R&amp;B, Swing, Latin und Rock hat sie vor einigen Jahren zusammengef\u00fchrt.<br \/>\nJenseits vom Mainstream interpretieren sie handverlesene und eher unbekannte St\u00fccke. Das tun sie in ihrem unverwechselbaren Sound und mit leidenschaftlich improvisierten Soli.<br \/>\nGeboten wird ein abwechslungsreiches Programm f\u00fcr ein Publikum, das das Besondere liebt.[\/vc_column_text][\/vc_column][\/vc_row][vc_row][vc_column][vc_column_text css=&#8220;&#8220;][\/vc_column_text][vc_custom_heading text=&#8220;Unsere Events 2025&#8243; font_container=&#8220;tag:h2|text_align:center|color:%23DD3333&#8243; use_theme_fonts=&#8220;yes&#8220; css=&#8220;&#8220;][\/vc_column][\/vc_row][vc_row][vc_column][vc_column_text css=&#8220;&#8220;][\/vc_column_text][\/vc_column][\/vc_row][vc_row][vc_column][vc_single_image image=&#8220;3050&#8243; img_size=&#8220;large&#8220; alignment=&#8220;center&#8220; css=&#8220;&#8220;][\/vc_column][\/vc_row]<\/p>\n<\/div>","protected":false},"excerpt":{"rendered":"<p>[vc_row][vc_column][vc_column_text css=&#8220;&#8220;]&nbsp; Jelly Blue sind f\u00fcnf Musiker mit jahrzehntelanger B\u00fchnenerfahrung. Ihre Begeisterung f\u00fcr Blues, R&amp;B, Swing, Latin und Rock hat sie vor einigen Jahren zusammengef\u00fchrt. Jenseits vom Mainstream interpretieren sie handverlesene und eher unbekannte St\u00fccke. Das tun sie in ihrem unverwechselbaren Sound und mit leidenschaftlich improvisierten Soli. Geboten wird ein abwechslungsreiches Programm f\u00fcr ein Publikum,<\/p>\n","protected":false},"author":2,"featured_media":0,"parent":0,"menu_order":0,"comment_status":"closed","ping_status":"closed","template":"template-fullwidth.php","meta":{"footnotes":""},"class_list":["post-646","page","type-page","status-publish","hentry"],"_links":{"self":[{"href":"https:\/\/still-got-the-blues-aub.de\/index.php?rest_route=\/wp\/v2\/pages\/646","targetHints":{"allow":["GET"]}}],"collection":[{"href":"https:\/\/still-got-the-blues-aub.de\/index.php?rest_route=\/wp\/v2\/pages"}],"about":[{"href":"https:\/\/still-got-the-blues-aub.de\/index.php?rest_route=\/wp\/v2\/types\/page"}],"author":[{"embeddable":true,"href":"https:\/\/still-got-the-blues-aub.de\/index.php?rest_route=\/wp\/v2\/users\/2"}],"replies":[{"embeddable":true,"href":"https:\/\/still-got-the-blues-aub.de\/index.php?rest_route=%2Fwp%2Fv2%2Fcomments&post=646"}],"version-history":[{"count":18,"href":"https:\/\/still-got-the-blues-aub.de\/index.php?rest_route=\/wp\/v2\/pages\/646\/revisions"}],"predecessor-version":[{"id":3104,"href":"https:\/\/still-got-the-blues-aub.de\/index.php?rest_route=\/wp\/v2\/pages\/646\/revisions\/3104"}],"wp:attachment":[{"href":"https:\/\/still-got-the-blues-aub.de\/index.php?rest_route=%2Fwp%2Fv2%2Fmedia&parent=646"}],"curies":[{"name":"wp","href":"https:\/\/api.w.org\/{rel}","templated":true}]}}