{"id":3158,"date":"2026-04-15T18:07:37","date_gmt":"2026-04-15T17:07:37","guid":{"rendered":"https:\/\/still-got-the-blues-aub.de\/?page_id=3158"},"modified":"2026-04-15T18:07:37","modified_gmt":"2026-04-15T17:07:37","slug":"home-still-got-the-blues-termine-2026-iss-was-doc","status":"publish","type":"page","link":"https:\/\/still-got-the-blues-aub.de\/?page_id=3158","title":{"rendered":"Home Still Got The Blues &#8211; Termine 2026 &#8211; Iss Was Doc"},"content":{"rendered":"<div class=\"wpb-content-wrapper\"><p>[vc_row][vc_column][vc_column_text css=&#8220;&#8220;]<\/p>\n<p>&nbsp;<\/p>\n<p style=\"text-align: center;\"><strong>Iss Was Doc<\/strong> ist eine Band aus dem W\u00fcrzburger Raum, die Bluesrock, Jazziges, Oldies und \u00e4hnliche Musik spielt, also Clapton, Cocker, Dire Straits, Deep Purple, Hendrix u. v. m. Wir sind ein bunter Haufen, teils \u00e4lter, teils j\u00fcnger, aber uns alle eint der Spa\u00df und die Begeisterung an guter handgemachter Musik. Alle haben \u00fcber die Jahre eine Menge Banderfahrung gesammelt. Freut euch auf einen sch\u00f6nen Abend mit guter, tanzbarer Musik, die in die Beine geht!<\/p>\n<p style=\"text-align: center;\">S\u00e4mtliche Einnahmen gehen (nach Abzug der Unkosten) direkt an Humedica.<\/p>\n<p style=\"text-align: center;\"><strong>Besetzung:<\/strong><\/p>\n<p style=\"text-align: center;\">Julian K\u00f6hler \u2013 voc, org<br \/>\nRudi Rosenbauer \u2013 dr<br \/>\nFlorian Homberg \u2013 git<br \/>\nJ\u00fcrgen Kissling \u2013 git, b, voc<br \/>\nSteffi Hofmann \u2013 voc<br \/>\nMatthias Rosenbauer \u2013 kb<br \/>\nHajo Grimminger \u2013 git<br \/>\nThomas Uebele \u2013 b, git<\/p>\n<p>&nbsp;<\/p>\n<p>[\/vc_column_text][\/vc_column][\/vc_row][vc_row][vc_column][vc_custom_heading text=&#8220;Unsere Events 2026&#8243; font_container=&#8220;tag:h2|text_align:center|color:%23DD3333&#8243; use_theme_fonts=&#8220;yes&#8220; css=&#8220;&#8220;][\/vc_column][\/vc_row][vc_row][vc_column][vc_single_image image=&#8220;3120&#8243; img_size=&#8220;large&#8220; alignment=&#8220;center&#8220; css=&#8220;&#8220;][\/vc_column][\/vc_row]<\/p>\n<\/div>","protected":false},"excerpt":{"rendered":"<p>[vc_row][vc_column][vc_column_text css=&#8220;&#8220;] &nbsp; Iss Was Doc ist eine Band aus dem W\u00fcrzburger Raum, die Bluesrock, Jazziges, Oldies und \u00e4hnliche Musik spielt, also Clapton, Cocker, Dire Straits, Deep Purple, Hendrix u. v. m. Wir sind ein bunter Haufen, teils \u00e4lter, teils j\u00fcnger, aber uns alle eint der Spa\u00df und die Begeisterung an guter handgemachter Musik. Alle<\/p>\n","protected":false},"author":4,"featured_media":0,"parent":0,"menu_order":0,"comment_status":"closed","ping_status":"closed","template":"template-fullwidth.php","meta":{"footnotes":""},"class_list":["post-3158","page","type-page","status-publish","hentry"],"_links":{"self":[{"href":"https:\/\/still-got-the-blues-aub.de\/index.php?rest_route=\/wp\/v2\/pages\/3158","targetHints":{"allow":["GET"]}}],"collection":[{"href":"https:\/\/still-got-the-blues-aub.de\/index.php?rest_route=\/wp\/v2\/pages"}],"about":[{"href":"https:\/\/still-got-the-blues-aub.de\/index.php?rest_route=\/wp\/v2\/types\/page"}],"author":[{"embeddable":true,"href":"https:\/\/still-got-the-blues-aub.de\/index.php?rest_route=\/wp\/v2\/users\/4"}],"replies":[{"embeddable":true,"href":"https:\/\/still-got-the-blues-aub.de\/index.php?rest_route=%2Fwp%2Fv2%2Fcomments&post=3158"}],"version-history":[{"count":3,"href":"https:\/\/still-got-the-blues-aub.de\/index.php?rest_route=\/wp\/v2\/pages\/3158\/revisions"}],"predecessor-version":[{"id":3201,"href":"https:\/\/still-got-the-blues-aub.de\/index.php?rest_route=\/wp\/v2\/pages\/3158\/revisions\/3201"}],"wp:attachment":[{"href":"https:\/\/still-got-the-blues-aub.de\/index.php?rest_route=%2Fwp%2Fv2%2Fmedia&parent=3158"}],"curies":[{"name":"wp","href":"https:\/\/api.w.org\/{rel}","templated":true}]}}