{"id":3155,"date":"2026-04-15T18:08:30","date_gmt":"2026-04-15T17:08:30","guid":{"rendered":"https:\/\/still-got-the-blues-aub.de\/?page_id=3155"},"modified":"2026-04-15T18:08:30","modified_gmt":"2026-04-15T17:08:30","slug":"home-still-got-the-blues-termine-2026-robert-cotton","status":"publish","type":"page","link":"https:\/\/still-got-the-blues-aub.de\/?page_id=3155","title":{"rendered":"Home Still Got The Blues &#8211; Termine 2026 &#8211; Robert Cotton"},"content":{"rendered":"<div class=\"wpb-content-wrapper\"><p>[vc_row][vc_column][vc_column_text css=&#8220;&#8220;]<\/p>\n<p>&nbsp;<\/p>\n<p style=\"text-align: center;\">Der Bluess\u00e4nger und Gitarrist <strong>Robert Cotton<\/strong> (Chicago) hat sich sp\u00e4testens seit seiner Teilnahme als Viertelfinalist bei The Voice Of Germany, aber auch als erfahrener Live Musiker auf B\u00fchnen in Deutschland und Europa einen Namen gemacht.<\/p>\n<p style=\"text-align: center;\"><strong>\u201eThe Fabulous Robert Cotton Band\u201c<\/strong><br \/>\nDie Energie des Chicago-Blues, die Coolness des Southern Rock und die Tiefe des Delta Blues&#8230; alle Facetten des Blues.<\/p>\n<p style=\"text-align: center;\"><strong>Line-up:<\/strong><\/p>\n<p style=\"text-align: center;\">Robert Cotton (Git\/Voc)<br \/>\nHajo K\u00f6hnkow (Git\/Voc)<br \/>\nYannick Steinborn (Bass)<br \/>\nMarius Kein (Drums)<\/p>\n<p>&nbsp;<\/p>\n<p>[\/vc_column_text][\/vc_column][\/vc_row][vc_row][vc_column][vc_custom_heading text=&#8220;Unsere Events 2026&#8243; font_container=&#8220;tag:h2|text_align:center|color:%23DD3333&#8243; use_theme_fonts=&#8220;yes&#8220; css=&#8220;&#8220;][\/vc_column][\/vc_row][vc_row][vc_column][vc_single_image image=&#8220;3120&#8243; img_size=&#8220;large&#8220; alignment=&#8220;center&#8220; css=&#8220;&#8220;][\/vc_column][\/vc_row]<\/p>\n<\/div>","protected":false},"excerpt":{"rendered":"<p>[vc_row][vc_column][vc_column_text css=&#8220;&#8220;] &nbsp; Der Bluess\u00e4nger und Gitarrist Robert Cotton (Chicago) hat sich sp\u00e4testens seit seiner Teilnahme als Viertelfinalist bei The Voice Of Germany, aber auch als erfahrener Live Musiker auf B\u00fchnen in Deutschland und Europa einen Namen gemacht. \u201eThe Fabulous Robert Cotton Band\u201c Die Energie des Chicago-Blues, die Coolness des Southern Rock und die Tiefe<\/p>\n","protected":false},"author":4,"featured_media":0,"parent":0,"menu_order":0,"comment_status":"closed","ping_status":"closed","template":"template-fullwidth.php","meta":{"footnotes":""},"class_list":["post-3155","page","type-page","status-publish","hentry"],"_links":{"self":[{"href":"https:\/\/still-got-the-blues-aub.de\/index.php?rest_route=\/wp\/v2\/pages\/3155","targetHints":{"allow":["GET"]}}],"collection":[{"href":"https:\/\/still-got-the-blues-aub.de\/index.php?rest_route=\/wp\/v2\/pages"}],"about":[{"href":"https:\/\/still-got-the-blues-aub.de\/index.php?rest_route=\/wp\/v2\/types\/page"}],"author":[{"embeddable":true,"href":"https:\/\/still-got-the-blues-aub.de\/index.php?rest_route=\/wp\/v2\/users\/4"}],"replies":[{"embeddable":true,"href":"https:\/\/still-got-the-blues-aub.de\/index.php?rest_route=%2Fwp%2Fv2%2Fcomments&post=3155"}],"version-history":[{"count":4,"href":"https:\/\/still-got-the-blues-aub.de\/index.php?rest_route=\/wp\/v2\/pages\/3155\/revisions"}],"predecessor-version":[{"id":3172,"href":"https:\/\/still-got-the-blues-aub.de\/index.php?rest_route=\/wp\/v2\/pages\/3155\/revisions\/3172"}],"wp:attachment":[{"href":"https:\/\/still-got-the-blues-aub.de\/index.php?rest_route=%2Fwp%2Fv2%2Fmedia&parent=3155"}],"curies":[{"name":"wp","href":"https:\/\/api.w.org\/{rel}","templated":true}]}}