{"id":3045,"date":"2025-04-11T16:19:18","date_gmt":"2025-04-11T15:19:18","guid":{"rendered":"https:\/\/still-got-the-blues-aub.de\/?page_id=3045"},"modified":"2025-05-27T09:15:53","modified_gmt":"2025-05-27T08:15:53","slug":"home-still-got-the-blues-blaucrowdsurfer-projektchor-bieberehren-reinsbronn","status":"publish","type":"page","link":"https:\/\/still-got-the-blues-aub.de\/?page_id=3045","title":{"rendered":"Home Still Got The Blues &#8211; Blaucrowdsurfer Projektchor Bieberehren-Reinsbronn"},"content":{"rendered":"<div class=\"wpb-content-wrapper\"><p>[vc_row][vc_column][vc_column_text css=&#8220;&#8220;]&nbsp;<\/p>\n<p style=\"text-align: center;\"><strong>Crossover-Konzert: Wenn Bl\u00e4ser-Punk-Rock auf Chorgesang trifft!<br \/>\n<\/strong><br \/>\nMusik verbindet \u2013 und dieses Projekt zeigt, wie grenzenlos sie sein kann! Die Bl\u00e4ser-Punk-Rock-Band Blaucrowd Surfer aus Bieberehren ist seit 2013 f\u00fcr ihren einzigartigen Sound bekannt: Eine kraftvolle Mischung aus treibenden Bl\u00e4sern, energiegeladenem Rock und echtem Punk-Spirit. Nun wagen sie gemeinsam mit dem Projektchor Bieberehren-Reinsbronn ein musikalisches Abenteuer der besonderen Art.<\/p>\n<p style=\"text-align: center;\">Der Chor vereint S\u00e4ngerinnen und S\u00e4nger aus traditionellen Ch\u00f6ren, deren Repertoire von der Gotik bis zum modernen Pop reicht. Jetzt treffen diese beiden Klangwelten aufeinander: Harte Bl\u00e4serriffs verschmelzen mit kraftvollen Stimmen, klassische Harmonien begegnen rockigen Rhythmen \u2013 ein musikalisches \u201eCome Together\u201c f\u00fcr alle Generationen!<br \/>\nCome together \u2026 Musik erleben \u2026 ein einzigartiges Konzerterlebnis!<\/p>\n<p style=\"text-align: center;\"><strong>Die \u201eBlaucrowd Surfer\u201c sind:<\/strong><\/p>\n<p style=\"text-align: center;\">Nicolai Behr \u2013 Gesang, Gitarre<br \/>\nPhilip H\u00fcgel \u2013 Schlagzeug<br \/>\nDaniel Blau \u2013 E-Bass<br \/>\nManuel K\u00f6rner \u2013 Gitarre, Gesang<br \/>\nJakob Zobel \u2013 Trompete, Gesang<br \/>\nNiklas Rabenstein \u2013 Tenorsaxophon<br \/>\nAndr\u00e9 Hanft \u2013 Ventilposaune<\/p>\n<p>&nbsp;<\/p>\n<p>&nbsp;[\/vc_column_text][\/vc_column][\/vc_row][vc_row][vc_column][vc_custom_heading text=&#8220;Unsere Events 2025&#8243; font_container=&#8220;tag:h2|text_align:center|color:%23DD3333&#8243; use_theme_fonts=&#8220;yes&#8220; css=&#8220;&#8220;][\/vc_column][\/vc_row][vc_row][vc_column][vc_single_image image=&#8220;3050&#8243; img_size=&#8220;large&#8220; alignment=&#8220;center&#8220; css=&#8220;&#8220;][\/vc_column][\/vc_row]<\/p>\n<\/div>","protected":false},"excerpt":{"rendered":"<p>[vc_row][vc_column][vc_column_text css=&#8220;&#8220;]&nbsp; Crossover-Konzert: Wenn Bl\u00e4ser-Punk-Rock auf Chorgesang trifft! Musik verbindet \u2013 und dieses Projekt zeigt, wie grenzenlos sie sein kann! Die Bl\u00e4ser-Punk-Rock-Band Blaucrowd Surfer aus Bieberehren ist seit 2013 f\u00fcr ihren einzigartigen Sound bekannt: Eine kraftvolle Mischung aus treibenden Bl\u00e4sern, energiegeladenem Rock und echtem Punk-Spirit. Nun wagen sie gemeinsam mit dem Projektchor Bieberehren-Reinsbronn ein musikalisches<\/p>\n","protected":false},"author":1,"featured_media":0,"parent":0,"menu_order":0,"comment_status":"closed","ping_status":"closed","template":"template-fullwidth.php","meta":{"footnotes":""},"class_list":["post-3045","page","type-page","status-publish","hentry"],"_links":{"self":[{"href":"https:\/\/still-got-the-blues-aub.de\/index.php?rest_route=\/wp\/v2\/pages\/3045","targetHints":{"allow":["GET"]}}],"collection":[{"href":"https:\/\/still-got-the-blues-aub.de\/index.php?rest_route=\/wp\/v2\/pages"}],"about":[{"href":"https:\/\/still-got-the-blues-aub.de\/index.php?rest_route=\/wp\/v2\/types\/page"}],"author":[{"embeddable":true,"href":"https:\/\/still-got-the-blues-aub.de\/index.php?rest_route=\/wp\/v2\/users\/1"}],"replies":[{"embeddable":true,"href":"https:\/\/still-got-the-blues-aub.de\/index.php?rest_route=%2Fwp%2Fv2%2Fcomments&post=3045"}],"version-history":[{"count":9,"href":"https:\/\/still-got-the-blues-aub.de\/index.php?rest_route=\/wp\/v2\/pages\/3045\/revisions"}],"predecessor-version":[{"id":3129,"href":"https:\/\/still-got-the-blues-aub.de\/index.php?rest_route=\/wp\/v2\/pages\/3045\/revisions\/3129"}],"wp:attachment":[{"href":"https:\/\/still-got-the-blues-aub.de\/index.php?rest_route=%2Fwp%2Fv2%2Fmedia&parent=3045"}],"curies":[{"name":"wp","href":"https:\/\/api.w.org\/{rel}","templated":true}]}}