{"id":3042,"date":"2025-04-11T15:34:47","date_gmt":"2025-04-11T14:34:47","guid":{"rendered":"https:\/\/still-got-the-blues-aub.de\/?page_id=3042"},"modified":"2025-04-25T09:23:11","modified_gmt":"2025-04-25T08:23:11","slug":"home-still-got-the-blues-blaucrowd-surfer","status":"publish","type":"page","link":"https:\/\/still-got-the-blues-aub.de\/?page_id=3042","title":{"rendered":"Home Still Got The Blues &#8211; Birgit S\u00fc\u00df"},"content":{"rendered":"<div class=\"wpb-content-wrapper\"><p>[vc_row][vc_column][vc_column_text css=&#8220;&#8220;][\/vc_column_text][\/vc_column][\/vc_row][vc_row][vc_column][vc_column_text css=&#8220;&#8220;]<\/p>\n<p style=\"text-align: center;\"><strong>DAS GRAUE VOM HIMMEL &#8211; von und mit Birgit S\u00fcss\u00a0\u00a0 <\/strong><br \/>\n<strong>Musikkabarett mit Tuba &amp; Kontrabass\u2028<\/strong><\/p>\n<p style=\"text-align: center;\">Sonderpreis des Deutschen Kabarett &#8211; Preises 2022<br \/>\nKulturpreistr\u00e4gerin 2021 der Stadt W\u00fcrzburg 2021<\/p>\n<p style=\"text-align: center;\"><strong>Tats\u00e4chlich! Da isses!<\/strong><br \/>\n<strong>Das neue Programm von Birgit S\u00fcss,<\/strong><br \/>\n<strong>\u201eDas Graue vom Himmel\u201c<\/strong><\/p>\n<p style=\"text-align: center;\">Inzwischen in der Lebensh\u00e4lfte angelangt, in der man nicht nur zusehends, sondern auch zunehmend \u00e4lter wird und man von grauen Haaren an ganz unvermuteten K\u00f6rperstellen \u00fcberrascht wird, kommt Birgit aus dem Staunen nicht mehr heraus:<\/p>\n<p style=\"text-align: center;\">Weil \u2013 fr\u00fcher war doch alles sch\u00f6ner. Aber isses jetzt besser?<\/p>\n<p style=\"text-align: center;\">Na, auf jeden Fall!<\/p>\n<p style=\"text-align: center;\">Kommen Sie vorbei &#8211; dann erfahren Sie, ob Golfspielen sich lohnt und wie Sie mit Ihren Katzen ein spitzenm\u00e4ssiges Katzenfutter Bullshit Bingo spielen k\u00f6nnen, welche App auf dem Handy wirklich noch fehlt, und warum Sie niemals zu zweit duschen sollten<\/p>\n<p style=\"text-align: center;\">Was nat\u00fcrlich nicht fehlen darf: noch mehr Chansons und Liedgut.<\/p>\n<p style=\"text-align: center;\">Ob \u00fcber Helga H\u00fchnchen oder einer schw\u00e4bischen Version von &#8222;Kiss&#8220; mit beatboxender Tuba, immer mit dabei ist Klaus Ratzek, der die St\u00fccke auf eine ganz eigene Art hinreissend interpretiert und begleitet, ob mit oben genannter Tuba oder am Kontrabass.<\/p>\n<p style=\"text-align: center;\">Eine wunderbare stimmiges H\u00f6rerlebnis, das \u00fcberrascht, aber ganz wunderbar harmoniert.<\/p>\n<p style=\"text-align: center;\">Als h\u00e4tten Sie es noch nie anders geh\u00f6rt:)<\/p>\n<p style=\"text-align: center;\">\u201eDas Graue vom Himmel\u201c &#8211; eine Fahrt ins Blaue mit grauen Str\u00e4hnen &#8211;<\/p>\n<p style=\"text-align: center;\">ein Hoffnungsschimmer am Horizont, wenn der Alltag mal wieder \u00fcber einem zusammenschl\u00e4gt und sich zu einem Kuriosit\u00e4tenkabinett entwickelt.<\/p>\n<p style=\"text-align: center;\">\u201eBirgit S\u00fc\u00df macht anspruchsvolle Comedy<br \/>\n{&#8230;..} Manchmal morbid, manchmal wild, immer aber unterhaltsam und nat\u00fcrlich<br \/>\n{&#8230;..} Bitterb\u00f6se, schonungslos, hemmungslos und hochkomisch, mit viel<br \/>\nSelbstironie und Koketterie mit der eigenen Verg\u00e4nglichkeit und den eigenen Unzul\u00e4nglichkeiten hat Birgit S\u00fc\u00df eine breite Palette mit viel Tiefgang zu bieten.\u201c { Augsburger Allgemeine Zeitung }<\/p>\n<p style=\"text-align: center;\"><a href=\"https:\/\/www.birgitsuess.de\" target=\"_blank\" rel=\"noopener\">www.birgitsuess.de<\/a><\/p>\n<p>[\/vc_column_text][\/vc_column][\/vc_row]<\/p>\n<\/div>","protected":false},"excerpt":{"rendered":"<p>[vc_row][vc_column][vc_column_text css=&#8220;&#8220;][\/vc_column_text][\/vc_column][\/vc_row][vc_row][vc_column][vc_column_text css=&#8220;&#8220;] DAS GRAUE VOM HIMMEL &#8211; von und mit Birgit S\u00fcss\u00a0\u00a0 Musikkabarett mit Tuba &amp; Kontrabass\u2028 Sonderpreis des Deutschen Kabarett &#8211; Preises 2022 Kulturpreistr\u00e4gerin 2021 der Stadt W\u00fcrzburg 2021 Tats\u00e4chlich! Da isses! Das neue Programm von Birgit S\u00fcss, \u201eDas Graue vom Himmel\u201c Inzwischen in der Lebensh\u00e4lfte angelangt, in der man nicht nur zusehends,<\/p>\n","protected":false},"author":1,"featured_media":0,"parent":0,"menu_order":0,"comment_status":"closed","ping_status":"closed","template":"template-fullwidth.php","meta":{"footnotes":""},"class_list":["post-3042","page","type-page","status-publish","hentry"],"_links":{"self":[{"href":"https:\/\/still-got-the-blues-aub.de\/index.php?rest_route=\/wp\/v2\/pages\/3042","targetHints":{"allow":["GET"]}}],"collection":[{"href":"https:\/\/still-got-the-blues-aub.de\/index.php?rest_route=\/wp\/v2\/pages"}],"about":[{"href":"https:\/\/still-got-the-blues-aub.de\/index.php?rest_route=\/wp\/v2\/types\/page"}],"author":[{"embeddable":true,"href":"https:\/\/still-got-the-blues-aub.de\/index.php?rest_route=\/wp\/v2\/users\/1"}],"replies":[{"embeddable":true,"href":"https:\/\/still-got-the-blues-aub.de\/index.php?rest_route=%2Fwp%2Fv2%2Fcomments&post=3042"}],"version-history":[{"count":8,"href":"https:\/\/still-got-the-blues-aub.de\/index.php?rest_route=\/wp\/v2\/pages\/3042\/revisions"}],"predecessor-version":[{"id":3081,"href":"https:\/\/still-got-the-blues-aub.de\/index.php?rest_route=\/wp\/v2\/pages\/3042\/revisions\/3081"}],"wp:attachment":[{"href":"https:\/\/still-got-the-blues-aub.de\/index.php?rest_route=%2Fwp%2Fv2%2Fmedia&parent=3042"}],"curies":[{"name":"wp","href":"https:\/\/api.w.org\/{rel}","templated":true}]}}