{"id":2988,"date":"2025-04-11T10:43:45","date_gmt":"2025-04-11T09:43:45","guid":{"rendered":"https:\/\/still-got-the-blues-aub.de\/?page_id=2988"},"modified":"2025-04-11T13:18:05","modified_gmt":"2025-04-11T12:18:05","slug":"impressum-2","status":"publish","type":"page","link":"https:\/\/still-got-the-blues-aub.de\/?page_id=2988","title":{"rendered":"Impressum"},"content":{"rendered":"<div class=\"wpb-content-wrapper\"><p>[vc_row][vc_column][vc_custom_heading text=&#8220;IMPRESSUM&#8220; font_container=&#8220;tag:h2|text_align:center&#8220; use_theme_fonts=&#8220;yes&#8220; css=&#8220;&#8220;][\/vc_column][\/vc_row][vc_row][vc_column][vc_column_text css=&#8220;&#8220;]<strong>F\u00d6RDERVEREIN FR\u00c4NKISCHES SPITALMUSEUM AUB e.V.<\/strong><br \/>\nMarktplatz 1<br \/>\n97239 Aub<\/p>\n<p><strong>Vertreten durch:<\/strong><br \/>\nRoman Menth 1. B\u00fcrgermeister<\/p>\n<p><strong>Kontakt<\/strong><br \/>\nTelefon: +49 (0) 09335 97100<br \/>\nE-Mail: kontakt@still-got-the-blues-aub.de<\/p>\n<p><strong>Redaktionell verantwortlich<\/strong><br \/>\nF\u00d6RDERVEREIN FR\u00c4NKISCHES SPITALMUSEUM AUB e.V.<br \/>\nVorsitzender:Roman Menth 1. B\u00fcrgermeister<br \/>\nMarktplatz 1, 97239 Aub[\/vc_column_text][\/vc_column][\/vc_row]<\/p>\n<\/div>","protected":false},"excerpt":{"rendered":"<p>[vc_row][vc_column][vc_custom_heading text=&#8220;IMPRESSUM&#8220; font_container=&#8220;tag:h2|text_align:center&#8220; use_theme_fonts=&#8220;yes&#8220; css=&#8220;&#8220;][\/vc_column][\/vc_row][vc_row][vc_column][vc_column_text css=&#8220;&#8220;]F\u00d6RDERVEREIN FR\u00c4NKISCHES SPITALMUSEUM AUB e.V. Marktplatz 1 97239 Aub Vertreten durch: Roman Menth 1. B\u00fcrgermeister Kontakt Telefon: +49 (0) 09335 97100 E-Mail: kontakt@still-got-the-blues-aub.de Redaktionell verantwortlich F\u00d6RDERVEREIN FR\u00c4NKISCHES SPITALMUSEUM AUB e.V. Vorsitzender:Roman Menth 1. B\u00fcrgermeister Marktplatz 1, 97239 Aub[\/vc_column_text][\/vc_column][\/vc_row]<\/p>\n","protected":false},"author":1,"featured_media":0,"parent":0,"menu_order":0,"comment_status":"closed","ping_status":"closed","template":"","meta":{"footnotes":""},"class_list":["post-2988","page","type-page","status-publish","hentry"],"_links":{"self":[{"href":"https:\/\/still-got-the-blues-aub.de\/index.php?rest_route=\/wp\/v2\/pages\/2988","targetHints":{"allow":["GET"]}}],"collection":[{"href":"https:\/\/still-got-the-blues-aub.de\/index.php?rest_route=\/wp\/v2\/pages"}],"about":[{"href":"https:\/\/still-got-the-blues-aub.de\/index.php?rest_route=\/wp\/v2\/types\/page"}],"author":[{"embeddable":true,"href":"https:\/\/still-got-the-blues-aub.de\/index.php?rest_route=\/wp\/v2\/users\/1"}],"replies":[{"embeddable":true,"href":"https:\/\/still-got-the-blues-aub.de\/index.php?rest_route=%2Fwp%2Fv2%2Fcomments&post=2988"}],"version-history":[{"count":4,"href":"https:\/\/still-got-the-blues-aub.de\/index.php?rest_route=\/wp\/v2\/pages\/2988\/revisions"}],"predecessor-version":[{"id":3003,"href":"https:\/\/still-got-the-blues-aub.de\/index.php?rest_route=\/wp\/v2\/pages\/2988\/revisions\/3003"}],"wp:attachment":[{"href":"https:\/\/still-got-the-blues-aub.de\/index.php?rest_route=%2Fwp%2Fv2%2Fmedia&parent=2988"}],"curies":[{"name":"wp","href":"https:\/\/api.w.org\/{rel}","templated":true}]}}